{"id":2,"date":"2008-03-16T21:22:35","date_gmt":"2008-03-17T00:22:35","guid":{"rendered":""},"modified":"2025-05-23T01:03:58","modified_gmt":"2025-05-23T04:03:58","slug":"sobre","status":"publish","type":"page","link":"https:\/\/cleciooliveira.eti.br\/blog\/sobre\/","title":{"rendered":"Sobre"},"content":{"rendered":"<p><strong>Sobre o Blog &#8230;<\/strong><\/p>\n<p>Cl\u00e9cio Oliveira Modo TXT \u00e9 um blog voltado para tecnologia e temas pessoais, criado com o prop\u00f3sito de compartilhar informa\u00e7\u00f5es e promover a troca de conhecimento, permitindo que todos elevem seu n\u00edvel de aprendizado. O termo &#8220;Modo TXT&#8221; representa uma fus\u00e3o entre o ambiente de trabalho em modo texto do Linux e Unix (console) e uma vers\u00e3o textual dos meus pensamentos, argumentos, vis\u00f5es, princ\u00edpios, valores e ideias. Aqui, voc\u00ea encontrar\u00e1 conte\u00fados sobre Tecnologia, Desenvolvimento de Sistemas, Web, Softwares, Padr\u00f5es Web, Cultura, Linux, meu cotidiano, curiosidades nerd e reflex\u00f5es sobre valores e princ\u00edpios.<\/p>\n<p><strong>Sobre eu &#8230;<\/strong><\/p>\n<p>Nasci em <a onclick=\"javascript:pageTracker._trackPageview('\/outgoing\/www.barreiras.ba.gov.br\/');\" title=\"Sobre Barreiras - Bahia minha cidade natal\"  href=\"http:\/\/www.barreiras.ba.gov.br\/\" target=\"_blank\" rel=\"noopener\">Barreiras &#8211; Bahia<\/a> onde ainda pequeno sai em busca de alguns sonhos. Atualmente me resido em <a onclick=\"javascript:pageTracker._trackPageview('\/outgoing\/www.goiania.go.gov.br\/');\" title=\"Sobre Goi\u00e2nia\"  href=\"http:\/\/www.goiania.go.gov.br\/\" target=\"_blank\" rel=\"noopener\">Goi\u00e2nia &#8211; Goi\u00e1s<\/a> onde me graduei em Sistemas de Informa\u00e7\u00e3o, em seguida MBA em <a title=\"ir para o Post &quot;In\u00edcio da P\u00f3s-Gradua\u00e7\u00e3o&quot;\" href=\"http:\/\/cleciooliveira.eti.br\/blog\/2009\/03\/29\/inicio-da-pos-graduacao\/\" target=\"_blank\" rel=\"noopener\">Gest\u00e3o de Projetos<\/a>, P\u00f3s-gradua\u00e7\u00e3o em Seguran\u00e7a, P\u00f3s-gradua\u00e7\u00e3o em IoT &#8211; Pr\u00e9dios Inteligentes, P\u00f3s-gradua\u00e7\u00e3o em Desenvolvimento Web e Mobile, al\u00e9m de obter algumas certifica\u00e7\u00f5es na \u00e1rea de TI, como metodologias \u00e1geis, seguran\u00e7a da informa\u00e7\u00e3o, servi\u00e7os e governan\u00e7a de TI, entre outros.<br \/>\nEx-atleta (ex-Jogador de Futebol profissional) \u00e0 &#8220;escova\u00e7\u00e3o de bits&#8221;, trabalho como Analista de Sistemas, atuando em v\u00e1rios projetos em v\u00e1rios pap\u00e9is utilizando metodologias \u00e1geis e waterfall. Me arrisco em programa\u00e7\u00e3o (desenvolvo em algumas linguagens), banco de dados, infraestrutura de TI, Seguran\u00e7a da Informa\u00e7\u00e3o, tamb\u00e9m atuo como UI\/UX e ainda estudo v\u00e1rios outros campos da Tecnologia da Informa\u00e7\u00e3o.<br \/>\nSou extremamente sincero e um dos poucos rom\u00e2nticos, estou sempre em busca do porque e n\u00e3o do como. Enfim, me apresentando meu nome \u00e9 Cl\u00e9cio Oliveira prazer em t\u00ea-lo aqui fazendo parte dessa caminhada de anos. Fique a vontade e vamos aos posts e aos comments, sempre respeitando as nossas diferen\u00e7as.<\/p>\n<p>AFK<\/p>\n","protected":false},"excerpt":{"rendered":"<p>Sobre o Blog &#8230; Cl\u00e9cio Oliveira Modo TXT \u00e9 um blog voltado para tecnologia e temas pessoais, criado com o prop\u00f3sito de compartilhar informa\u00e7\u00f5es e promover a troca de conhecimento, permitindo que todos elevem seu n\u00edvel de aprendizado. O termo &#8220;Modo TXT&#8221; representa uma fus\u00e3o entre o ambiente de trabalho em modo texto do Linux [&hellip;]<\/p>\n","protected":false},"author":1,"featured_media":0,"parent":0,"menu_order":0,"comment_status":"closed","ping_status":"closed","template":"","meta":{"jetpack_post_was_ever_published":false,"footnotes":""},"class_list":["post-2","page","type-page","status-publish","hentry"],"jetpack_shortlink":"https:\/\/wp.me\/P3oatH-2","jetpack_sharing_enabled":true,"_links":{"self":[{"href":"https:\/\/cleciooliveira.eti.br\/blog\/wp-json\/wp\/v2\/pages\/2","targetHints":{"allow":["GET"]}}],"collection":[{"href":"https:\/\/cleciooliveira.eti.br\/blog\/wp-json\/wp\/v2\/pages"}],"about":[{"href":"https:\/\/cleciooliveira.eti.br\/blog\/wp-json\/wp\/v2\/types\/page"}],"author":[{"embeddable":true,"href":"https:\/\/cleciooliveira.eti.br\/blog\/wp-json\/wp\/v2\/users\/1"}],"replies":[{"embeddable":true,"href":"https:\/\/cleciooliveira.eti.br\/blog\/wp-json\/wp\/v2\/comments?post=2"}],"version-history":[{"count":18,"href":"https:\/\/cleciooliveira.eti.br\/blog\/wp-json\/wp\/v2\/pages\/2\/revisions"}],"predecessor-version":[{"id":850,"href":"https:\/\/cleciooliveira.eti.br\/blog\/wp-json\/wp\/v2\/pages\/2\/revisions\/850"}],"wp:attachment":[{"href":"https:\/\/cleciooliveira.eti.br\/blog\/wp-json\/wp\/v2\/media?parent=2"}],"curies":[{"name":"wp","href":"https:\/\/api.w.org\/{rel}","templated":true}]}}