{"id":3,"date":"2008-03-16T02:09:49","date_gmt":"2008-03-16T05:09:49","guid":{"rendered":"http:\/\/cleciooliveira.eti.br\/blog\/?page_id=3"},"modified":"2022-04-07T14:45:20","modified_gmt":"2022-04-07T17:45:20","slug":"contato","status":"publish","type":"page","link":"https:\/\/cleciooliveira.eti.br\/blog\/contato\/","title":{"rendered":"Contato"},"content":{"rendered":"<p>Caso queira entrar em contato comigo, fique \u00e0 vontade.<\/p>\n<p>Whatsapp: +55 (62) 98187-6397<\/p>\n<p>D\u00favidas, sugest\u00f5es e cr\u00edticas envie uma mensagem para <strong><a onclick=\"javascript:pageTracker._trackPageview('\/mailto\/contato@cleciooliveira.eti.br');\" title=\"Enviar E-mail pelo Outlook para contao@cleciooliveira.eti.br\"  href=\"mailto:contato@cleciooliveira.eti.br\" target=\"_blank\" rel=\"noopener\">contato@cleciooliveira.eti.br<\/a><\/strong> ou utilize o formul\u00e1rio abaixo.<\/p>\n<div id=\"wpcf\">\n<fieldset>\n<legend>Formul\u00e1rio de Contato<\/legend>\n<form action=\"https:\/\/cleciooliveira.eti.br\/blog\/contato\/\" name=\"wpcf_form\" method=\"post\"><input type=\"hidden\" value=\"process\" name=\"wpcf_stage\"\/><\/p>\n<p><label for=\"wpcf_your_name\">Nome:<\/label><input class=\"field\" type=\"text\" name=\"wpcf_your_name\" id=\"wpcf_your_name\" maxlength=\"50\" tabindex=\"11\" value=\"\" \/><\/p>\n<p><label for=\"wpcf_email\">E-mail:<\/label><input class=\"field\" type=\"text\" name=\"wpcf_email\" id=\"wpcf_email\" maxlength=\"50\" tabindex=\"12\" value=\"\" \/><\/p>\n<p><label>Responda a quest\u00e3o:<\/label><span class=\"challenge\">3 * 7 = ?<\/span><\/p>\n<p><label for=\"wpcf_response\">Digite a resposta:<\/label><input class=\"field\" type=\"text\" name=\"wpcf_response\" id=\"wpcf_response\" maxlength=\"50\" tabindex=\"13\" value=\"\" \/><\/p>\n<p><label for=\"wpcf_website\">Site:<\/label><input class=\"field\" type=\"text\" name=\"wpcf_website\" id=\"wpcf_website\" maxlength=\"100\" tabindex=\"14\" value=\"\" \/><\/p>\n<p><label for=\"wpcf_usersubject\">Assunto:<\/label><input class=\"field\" type=\"text\" name=\"wpcf_usersubject\" id=\"wpcf_usersubject\" tabindex=\"15\" maxlength=\"50\" value=\"\" \/><\/p>\n<p><label for=\"wpcf_msg\">Mensagem:<\/label><\/p>\n<p><textarea name=\"wpcf_msg\" id=\"wpcf_msg\" cols=\"\" rows=\"\" tabindex=\"16\"><\/textarea><\/p>\n<p><label for=\"wpcf_copy\">Copy<\/label><input id=\"copy\" type=\"checkbox\" tabindex=\"17\" value=\"true\" name=\"copy\" title=\"Send me a copy\"\/><\/p>\n<p class=\"button\"><input id=\"contactsubmit\" type=\"submit\" value=\"Enviar\" tabindex=\"18\" name=\"Submit\"\/><\/p>\n<\/form>\n<\/fieldset>\n<\/div>\n","protected":false},"excerpt":{"rendered":"<p>Caso queira entrar em contato comigo, fique \u00e0 vontade. Whatsapp: +55 (62) 98187-6397 D\u00favidas, sugest\u00f5es e cr\u00edticas envie uma mensagem para contato@cleciooliveira.eti.br ou utilize o formul\u00e1rio abaixo. Formul\u00e1rio de Contato Nome: E-mail: Responda a quest\u00e3o:3 * 7 = ? Digite a resposta: Site: Assunto: Mensagem: Copy<\/p>\n","protected":false},"author":1,"featured_media":0,"parent":0,"menu_order":1,"comment_status":"closed","ping_status":"closed","template":"","meta":{"jetpack_post_was_ever_published":false,"footnotes":""},"class_list":["post-3","page","type-page","status-publish","hentry"],"jetpack_shortlink":"https:\/\/wp.me\/P3oatH-3","jetpack_sharing_enabled":true,"_links":{"self":[{"href":"https:\/\/cleciooliveira.eti.br\/blog\/wp-json\/wp\/v2\/pages\/3","targetHints":{"allow":["GET"]}}],"collection":[{"href":"https:\/\/cleciooliveira.eti.br\/blog\/wp-json\/wp\/v2\/pages"}],"about":[{"href":"https:\/\/cleciooliveira.eti.br\/blog\/wp-json\/wp\/v2\/types\/page"}],"author":[{"embeddable":true,"href":"https:\/\/cleciooliveira.eti.br\/blog\/wp-json\/wp\/v2\/users\/1"}],"replies":[{"embeddable":true,"href":"https:\/\/cleciooliveira.eti.br\/blog\/wp-json\/wp\/v2\/comments?post=3"}],"version-history":[{"count":2,"href":"https:\/\/cleciooliveira.eti.br\/blog\/wp-json\/wp\/v2\/pages\/3\/revisions"}],"predecessor-version":[{"id":701,"href":"https:\/\/cleciooliveira.eti.br\/blog\/wp-json\/wp\/v2\/pages\/3\/revisions\/701"}],"wp:attachment":[{"href":"https:\/\/cleciooliveira.eti.br\/blog\/wp-json\/wp\/v2\/media?parent=3"}],"curies":[{"name":"wp","href":"https:\/\/api.w.org\/{rel}","templated":true}]}}